{"id":1029,"date":"2019-03-06T11:56:40","date_gmt":"2019-03-06T11:56:40","guid":{"rendered":"https:\/\/colibriwp-work.colibriwp.com\/business-ii\/colibri-wp\/"},"modified":"2025-07-23T09:53:18","modified_gmt":"2025-07-23T09:53:18","slug":"colibri-wp","status":"publish","type":"page","link":"https:\/\/plannova.ch\/","title":{"rendered":"Home"},"content":{"rendered":"<div data-colibri-id=\"1029-c39\" class=\"style-395 style-local-1029-c39 position-relative\">\n  <!---->\n  <div data-colibri-component=\"section\" data-colibri-id=\"1029-c40\" id=\"who\" class=\"h-section h-section-global-spacing d-flex align-items-lg-center align-items-md-center align-items-center style-411 style-local-1029-c40 position-relative\">\n    <!---->\n    <!---->\n    <div class=\"h-section-grid-container h-section-boxed-container\">\n      <!---->\n      <div data-colibri-id=\"1029-c41\" class=\"h-row-container gutters-row-lg-2 gutters-row-md-2 gutters-row-0 gutters-row-v-lg-2 gutters-row-v-md-2 gutters-row-v-2 style-412 style-local-1029-c41 position-relative\">\n        <!---->\n        <div class=\"h-row justify-content-lg-center justify-content-md-center justify-content-center align-items-lg-stretch align-items-md-stretch align-items-stretch gutters-col-lg-2 gutters-col-md-2 gutters-col-0 gutters-col-v-lg-2 gutters-col-v-md-2 gutters-col-v-2\">\n          <!---->\n          <div class=\"h-column h-column-container d-flex h-col-lg-auto h-col-md-auto h-col-auto style-413-outer style-local-1029-c42-outer\">\n            <div data-colibri-id=\"1029-c42\" class=\"d-flex h-flex-basis h-column__inner h-px-lg-2 h-px-md-2 h-px-2 v-inner-lg-2 v-inner-md-2 v-inner-2 style-413 style-local-1029-c42 position-relative\">\n              <!---->\n              <!---->\n              <div class=\"w-100 h-y-container h-column__content h-column__v-align flex-basis-100 align-self-lg-center align-self-md-center align-self-center\">\n                <!---->\n                <div data-colibri-id=\"1029-c43\" class=\"h-global-transition-all h-heading style-415 style-local-1029-c43 position-relative h-element\">\n                  <!---->\n                  <div class=\"h-heading__outer style-415 style-local-1029-c43\">\n                    <!---->\n                    <!---->\n                    <h5 class=\"\">who we are<\/h5>\n                  <\/div>\n                <\/div>\n                <div data-colibri-id=\"1029-c44\" class=\"h-global-transition-all h-heading style-416 style-local-1029-c44 position-relative h-element\">\n                  <!---->\n                  <div class=\"h-heading__outer style-416 style-local-1029-c44\">\n                    <!---->\n                    <!---->\n                    <h2 class=\"\">Plannova steht f\u00fcr durchdachte Planung, pr\u00e4zise Ausf\u00fchrung und partnerschaftliche Zusammenarbeit.<\/h2>\n                  <\/div>\n                <\/div>\n                <div data-colibri-id=\"1029-c45\" class=\"h-text h-text-component style-417 style-local-1029-c45 position-relative h-element\">\n                  <!---->\n                  <!---->\n                  <div class=\"\">\n                    <p>Wir sind ein interdisziplin\u00e4res Team aus Architekten, Bauleitern und Ingenieuren, das Bauprojekte von der Idee bis zur Realisierung begleitet. Dabei vereinen wir technisches Know-how mit einem klaren Blick f\u00fcr \u00c4sthetik, Wirtschaftlichkeit\n                      und Nachhaltigkeit.<\/p>\n                    <p>Unsere St\u00e4rke liegt in der Verbindung von Planungskompetenz und Umsetzungsn\u00e4he \u2013 immer mit dem Ziel, funktionale und zukunftsorientierte R\u00e4ume zu schaffen. Ob Einfamilienhaus, Gewerbebau oder energetische Sanierung: Wir denken Projekte\n                      ganzheitlich und gehen individuell auf die Bed\u00fcrfnisse unserer Kunden ein.<\/p>\n                    <p>\n                      <br>\n                    <\/p>\n                  <\/div>\n                <\/div>\n                <div data-colibri-id=\"1029-c46\" class=\"h-x-container style-418 style-local-1029-c46 position-relative h-element\">\n                  <!---->\n                  <div class=\"h-x-container-inner style-dynamic-1029-c46-group style-418-spacing style-local-1029-c46-spacing\"><span class=\"h-button__outer style-419-outer style-local-1029-c47-outer d-inline-flex h-element\"><a h-use-smooth-scroll=\"true\" href=\"\"  data-colibri-id=\"1029-c47\" class=\"d-flex w-100 align-items-center h-button justify-content-lg-center justify-content-md-center justify-content-center style-419 style-local-1029-c47 position-relative\"><!----><!----> <span>Bald mehr<\/span><\/a>\n                    <\/span>\n                  <\/div>\n                <\/div>\n              <\/div>\n            <\/div>\n          <\/div>\n          <div class=\"h-column h-column-container d-flex h-col-lg-auto h-col-md-auto h-col-auto style-414-outer style-local-1029-c48-outer\">\n            <div data-colibri-id=\"1029-c48\" class=\"d-flex h-flex-basis h-column__inner h-px-lg-2 h-px-md-2 h-px-2 v-inner-lg-2 v-inner-md-2 v-inner-2 style-414 style-local-1029-c48 position-relative\">\n              <!---->\n              <!---->\n              <div class=\"w-100 h-y-container h-column__content h-column__v-align flex-basis-100 align-self-lg-center align-self-md-center align-self-center\">\n                <!---->\n                <div data-colibri-id=\"1029-c49\" class=\"d-block style-420 style-local-1029-c49 position-relative h-element\">\n                  <!---->\n                  <div class=\"h-image__frame-container-outer\">\n                    <div class=\"h-image__frame-container\">\n                      <!---->\n                      <!---->\n                      <img loading=\"lazy\" decoding=\"async\" width=\"709\" height=\"415\" src=\"https:\/\/colibriwp-work.colibriwp.com\/business-ii\/wp-content\/uploads\/2019\/03\/mbpair.jpg\" class=\"wp-image-114 style-420-image style-local-1029-c49-image\" alt=\"\" srcset=\"https:\/\/plannova.ch\/wp-content\/uploads\/2019\/03\/mbpair.jpg 709w, https:\/\/plannova.ch\/wp-content\/uploads\/2019\/03\/mbpair-300x176.jpg 300w\" sizes=\"auto, (max-width: 709px) 100vw, 709px\" \/>\n                      <div class=\"h-image__frame h-hide-lg h-hide-md h-hide-sm style-420-frameImage style-local-1029-c49-frameImage\"><\/div>\n                    <\/div>\n                  <\/div>\n                <\/div>\n              <\/div>\n            <\/div>\n          <\/div>\n        <\/div>\n      <\/div>\n    <\/div>\n  <\/div>\n  <div data-colibri-component=\"section\" data-colibri-id=\"1029-c50\" id=\"what\" class=\"h-section h-section-global-spacing d-flex align-items-lg-center align-items-md-center align-items-center style-421 style-local-1029-c50 position-relative\">\n    <!---->\n    <!---->\n    <div class=\"h-section-grid-container h-section-boxed-container\">\n      <!---->\n      <div data-colibri-id=\"1029-c51\" class=\"h-row-container gutters-row-lg-2 gutters-row-md-2 gutters-row-2 gutters-row-v-lg-2 gutters-row-v-md-2 gutters-row-v-2 style-422 style-local-1029-c51 position-relative\">\n        <!---->\n        <div class=\"h-row justify-content-lg-center justify-content-md-center justify-content-center align-items-lg-stretch align-items-md-stretch align-items-stretch gutters-col-lg-2 gutters-col-md-2 gutters-col-2 gutters-col-v-lg-2 gutters-col-v-md-2 gutters-col-v-2\">\n          <!---->\n          <div class=\"h-column h-column-container d-flex h-col-lg-auto h-col-md-auto h-col-auto style-423-outer style-local-1029-c52-outer\">\n            <div data-colibri-id=\"1029-c52\" class=\"d-flex h-flex-basis h-column__inner h-px-lg-0 h-px-md-0 h-px-0 v-inner-lg-0 v-inner-md-0 v-inner-0 style-423 style-local-1029-c52 position-relative\">\n              <!---->\n              <!---->\n              <div class=\"w-100 h-y-container h-column__content h-column__v-align flex-basis-100 align-self-lg-center align-self-md-center align-self-center\">\n                <!---->\n                <div data-colibri-id=\"1029-c53\" class=\"d-block style-424 style-local-1029-c53 position-relative h-element\">\n                  <!---->\n                  <div class=\"h-image__frame-container-outer\">\n                    <div class=\"h-image__frame-container\">\n                      <!---->\n                      <!---->\n                      <img loading=\"lazy\" decoding=\"async\" width=\"900\" height=\"600\" src=\"https:\/\/colibriwp-work.colibriwp.com\/business-ii\/wp-content\/uploads\/2019\/03\/bizz-1.jpg\" class=\"wp-image-213 style-424-image style-local-1029-c53-image\" alt=\"\" srcset=\"https:\/\/plannova.ch\/wp-content\/uploads\/2019\/03\/bizz-1.jpg 900w, https:\/\/plannova.ch\/wp-content\/uploads\/2019\/03\/bizz-1-300x200.jpg 300w, https:\/\/plannova.ch\/wp-content\/uploads\/2019\/03\/bizz-1-768x512.jpg 768w\" sizes=\"auto, (max-width: 900px) 100vw, 900px\" \/>\n                      <div class=\"h-image__frame h-image__frame_shadow h-hide-sm style-424-frameImage style-local-1029-c53-frameImage\"><\/div>\n                    <\/div>\n                  <\/div>\n                <\/div>\n              <\/div>\n            <\/div>\n          <\/div>\n          <div class=\"h-column h-column-container d-flex h-col-lg-auto h-col-md-auto h-col-auto style-425-outer style-local-1029-c54-outer\">\n            <div data-colibri-id=\"1029-c54\" class=\"d-flex h-flex-basis h-column__inner h-px-lg-0 h-px-md-0 h-px-1 v-inner-lg-0 v-inner-md-0 v-inner-1 style-425 style-local-1029-c54 position-relative\">\n              <!---->\n              <!---->\n              <div class=\"w-100 h-y-container h-column__content h-column__v-align flex-basis-100 align-self-lg-center align-self-md-center align-self-center\">\n                <!---->\n                <div data-colibri-id=\"1029-c55\" class=\"h-global-transition-all h-heading style-446 style-local-1029-c55 position-relative h-element\">\n                  <!---->\n                  <div class=\"h-heading__outer style-446 style-local-1029-c55\">\n                    <!---->\n                    <!---->\n                    <h5 class=\"\">what do we offer<\/h5>\n                  <\/div>\n                <\/div>\n                <div data-colibri-id=\"1029-c56\" class=\"h-global-transition-all h-heading style-426 style-local-1029-c56 position-relative h-element\">\n                  <!---->\n                  <div class=\"h-heading__outer style-426 style-local-1029-c56\">\n                    <!---->\n                    <!---->\n                    <h2 class=\"\">Wir planen gerade unsere neue Website \u2013 nat\u00fcrlich mit Pr\u00e4zision.<\/h2>\n                  <\/div>\n                <\/div>\n                <div data-colibri-id=\"1029-c57\" class=\"h-text h-text-component style-427 style-local-1029-c57 position-relative h-element\">\n                  <!---->\n                  <!---->\n                  <div class=\"\">\n                    <p><span style=\"font-size: medium; color: rgb(0, 0, 0); font-weight: 400;\">Bald finden Sie hier alles \u00fcber Plannova, unsere Projekte und unser Team. Danke f\u00fcr Ihre Geduld!<\/span><\/p>\n                  <\/div>\n                <\/div>\n              <\/div>\n            <\/div>\n          <\/div>\n        <\/div>\n      <\/div>\n    <\/div>\n  <\/div>\n  <div data-colibri-component=\"section\" data-colibri-id=\"1029-c58\" id=\"mail\" class=\"h-section h-section-global-spacing d-flex align-items-lg-center align-items-md-center align-items-center style-430 style-local-1029-c58 position-relative\">\n    <!---->\n    <!---->\n    <div class=\"h-section-grid-container h-section-boxed-container\">\n      <!---->\n      <div data-colibri-id=\"1029-c59\" class=\"h-row-container gutters-row-lg-2 gutters-row-md-2 gutters-row-2 gutters-row-v-lg-2 gutters-row-v-md-2 gutters-row-v-2 style-431 style-local-1029-c59 position-relative\">\n        <!---->\n        <div class=\"h-row justify-content-lg-center justify-content-md-center justify-content-center align-items-lg-stretch align-items-md-stretch align-items-stretch gutters-col-lg-2 gutters-col-md-2 gutters-col-2 gutters-col-v-lg-2 gutters-col-v-md-2 gutters-col-v-2\">\n          <!---->\n          <div class=\"h-column h-column-container d-flex h-col-lg-auto h-col-md-auto h-col-auto style-432-outer style-local-1029-c60-outer\">\n            <div data-colibri-id=\"1029-c60\" class=\"d-flex h-flex-basis h-column__inner h-px-lg-0 h-px-md-0 h-px-0 v-inner-lg-0 v-inner-md-0 v-inner-0 style-432 style-local-1029-c60 position-relative\">\n              <!---->\n              <!---->\n              <div class=\"w-100 h-y-container h-column__content h-column__v-align flex-basis-100 align-self-lg-center align-self-md-center align-self-center\">\n                <!---->\n                <div data-colibri-id=\"1029-c61\" class=\"h-global-transition-all h-heading style-447 style-local-1029-c61 position-relative h-element\">\n                  <!---->\n                  <div class=\"h-heading__outer style-447 style-local-1029-c61\">\n                    <!---->\n                    <!---->\n                    <h5 class=\"\">where to find us<\/h5>\n                  <\/div>\n                <\/div>\n                <div data-colibri-id=\"1029-c62\" class=\"h-global-transition-all h-heading style-433 style-local-1029-c62 position-relative h-element\">\n                  <!---->\n                  <div class=\"h-heading__outer style-433 style-local-1029-c62\">\n                    <!---->\n                    <!---->\n                    <h2 class=\"\">In der Zwischenzeit erreichen Sie uns gerne per E-Mail unter info@plannova.ch<\/h2>\n                  <\/div>\n                <\/div>\n                <div data-colibri-id=\"1029-c63\" class=\"h-x-container style-435 style-local-1029-c63 position-relative h-element\">\n                  <!---->\n                  <div class=\"h-x-container-inner style-dynamic-1029-c63-group style-435-spacing style-local-1029-c63-spacing\"><span class=\"h-button__outer style-436-outer style-local-1029-c64-outer d-inline-flex h-element\"><a h-use-smooth-scroll=\"true\" href=\"mailto:info@plannova.ch\"  data-colibri-id=\"1029-c64\" class=\"d-flex w-100 align-items-center h-button justify-content-lg-center justify-content-md-center justify-content-center style-436 style-local-1029-c64 position-relative\"><!----><!----> <span>Mail<\/span><\/a>\n                    <\/span>\n                  <\/div>\n                <\/div>\n              <\/div>\n            <\/div>\n          <\/div>\n          <div class=\"h-column h-column-container d-flex h-col-lg-auto h-col-md-auto h-col-auto style-437-outer style-local-1029-c65-outer\">\n            <div data-colibri-id=\"1029-c65\" class=\"d-flex h-flex-basis h-column__inner h-px-lg-0 h-px-md-0 h-px-0 v-inner-lg-0 v-inner-md-0 v-inner-0 style-437 style-local-1029-c65 position-relative\">\n              <!---->\n              <!---->\n              <div class=\"w-100 h-y-container h-column__content h-column__v-align flex-basis-100 align-self-lg-center align-self-md-center align-self-center\">\n                <!---->\n                <div data-colibri-id=\"1029-c66\" class=\"d-block style-438 style-local-1029-c66 position-relative h-element\">\n                  <!---->\n                  <div class=\"h-image__frame-container-outer\">\n                    <div class=\"h-image__frame-container\">\n                      <!---->\n                      <!---->\n                      <img loading=\"lazy\" decoding=\"async\" width=\"600\" height=\"450\" src=\"https:\/\/colibriwp-work.colibriwp.com\/business-ii\/wp-content\/uploads\/2019\/03\/bizz-2.jpg\" class=\"wp-image-214 style-438-image style-local-1029-c66-image\" alt=\"\" srcset=\"https:\/\/plannova.ch\/wp-content\/uploads\/2019\/03\/bizz-2.jpg 600w, https:\/\/plannova.ch\/wp-content\/uploads\/2019\/03\/bizz-2-300x225.jpg 300w\" sizes=\"auto, (max-width: 600px) 100vw, 600px\" \/>\n                      <div class=\"h-image__frame h-image__frame_shadow h-hide-sm style-438-frameImage style-local-1029-c66-frameImage\"><\/div>\n                    <\/div>\n                  <\/div>\n                <\/div>\n              <\/div>\n            <\/div>\n          <\/div>\n        <\/div>\n      <\/div>\n    <\/div>\n  <\/div>\n  <div data-colibri-component=\"section\" data-colibri-id=\"1029-c67\" id=\"cta\" class=\"h-section h-section-global-spacing d-flex align-items-lg-center align-items-md-center align-items-center style-439 style-local-1029-c67 position-relative\">\n    <div class=\"background-wrapper\">\n      <div class=\"background-layer background-layer-media-container-lg\">\n        <!---->\n        <div class=\"overlay-layer\">\n          <div class=\"overlay-image-layer\" style=\"background-color: rgb(0, 0, 0); opacity: 0.6;\"><\/div>\n        <\/div>\n      <\/div>\n      <div class=\"background-layer background-layer-media-container-md\">\n        <!---->\n        <div class=\"overlay-layer\">\n          <div class=\"overlay-image-layer\" style=\"background-color: rgb(0, 0, 0); opacity: 0.6;\"><\/div>\n        <\/div>\n      <\/div>\n      <div class=\"background-layer background-layer-media-container\">\n        <!---->\n        <div class=\"overlay-layer\">\n          <div class=\"overlay-image-layer\" style=\"background-color: rgb(0, 0, 0); opacity: 0.6;\"><\/div>\n        <\/div>\n      <\/div>\n    <\/div>\n    <!---->\n    <div class=\"h-section-grid-container h-section-boxed-container\">\n      <!---->\n      <div data-colibri-id=\"1029-c68\" class=\"h-row-container gutters-row-lg-2 gutters-row-md-2 gutters-row-0 gutters-row-v-lg-2 gutters-row-v-md-2 gutters-row-v-2 style-440 style-local-1029-c68 position-relative\">\n        <!---->\n        <div class=\"h-row justify-content-lg-center justify-content-md-center justify-content-center align-items-lg-stretch align-items-md-stretch align-items-stretch gutters-col-lg-2 gutters-col-md-2 gutters-col-0 gutters-col-v-lg-2 gutters-col-v-md-2 gutters-col-v-2\">\n          <!---->\n          <div class=\"h-column h-column-container d-flex h-col-lg-auto h-col-md-auto h-col-auto style-441-outer style-local-1029-c69-outer\">\n            <div data-colibri-id=\"1029-c69\" class=\"d-flex h-flex-basis h-column__inner h-px-lg-2 h-px-md-2 h-px-2 v-inner-lg-2 v-inner-md-2 v-inner-2 style-441 style-local-1029-c69 position-relative\">\n              <!---->\n              <!---->\n              <div class=\"w-100 h-y-container h-column__content h-column__v-align flex-basis-100 align-self-lg-start align-self-md-start align-self-start\">\n                <!---->\n                <div data-colibri-id=\"1029-c70\" class=\"h-global-transition-all h-heading style-442 style-local-1029-c70 position-relative h-element\">\n                  <!---->\n                  <div class=\"h-heading__outer style-442 style-local-1029-c70\">\n                    <!---->\n                    <!---->\n                    <h3 class=\"\">We would love to hear from you!<\/h3>\n                  <\/div>\n                <\/div>\n                <div data-colibri-id=\"1029-c71\" class=\"h-lead h-text h-text-component style-443 style-local-1029-c71 position-relative h-element\">\n                  <!---->\n                  <!---->\n                  <div class=\"\">\n                    <p>Hier gibts bald mehr Infos, Projekte und Referenzne<\/p>\n                  <\/div>\n                <\/div>\n              <\/div>\n            <\/div>\n          <\/div>\n        <\/div>\n      <\/div>\n    <\/div>\n  <\/div>\n<\/div>","protected":false},"excerpt":{"rendered":"<p>who we are Plannova steht f\u00fcr durchdachte Planung, pr\u00e4zise Ausf\u00fchrung und partnerschaftliche Zusammenarbeit. Wir sind ein interdisziplin\u00e4res Team aus Architekten, Bauleitern und Ingenieuren, das Bauprojekte von der Idee bis zur Realisierung begleitet. Dabei vereinen wir technisches Know-how mit einem klaren Blick f\u00fcr \u00c4sthetik, Wirtschaftlichkeit und Nachhaltigkeit. Unsere St\u00e4rke liegt in der Verbindung von Planungskompetenz und [&hellip;]<\/p>\n","protected":false},"author":1,"featured_media":0,"parent":0,"menu_order":0,"comment_status":"closed","ping_status":"closed","template":"page-templates\/homepage.php","meta":{"footnotes":""},"class_list":["post-1029","page","type-page","status-publish","hentry"],"_links":{"self":[{"href":"https:\/\/plannova.ch\/index.php?rest_route=\/wp\/v2\/pages\/1029","targetHints":{"allow":["GET"]}}],"collection":[{"href":"https:\/\/plannova.ch\/index.php?rest_route=\/wp\/v2\/pages"}],"about":[{"href":"https:\/\/plannova.ch\/index.php?rest_route=\/wp\/v2\/types\/page"}],"author":[{"embeddable":true,"href":"https:\/\/plannova.ch\/index.php?rest_route=\/wp\/v2\/users\/1"}],"replies":[{"embeddable":true,"href":"https:\/\/plannova.ch\/index.php?rest_route=%2Fwp%2Fv2%2Fcomments&post=1029"}],"version-history":[{"count":4,"href":"https:\/\/plannova.ch\/index.php?rest_route=\/wp\/v2\/pages\/1029\/revisions"}],"predecessor-version":[{"id":1071,"href":"https:\/\/plannova.ch\/index.php?rest_route=\/wp\/v2\/pages\/1029\/revisions\/1071"}],"wp:attachment":[{"href":"https:\/\/plannova.ch\/index.php?rest_route=%2Fwp%2Fv2%2Fmedia&parent=1029"}],"curies":[{"name":"wp","href":"https:\/\/api.w.org\/{rel}","templated":true}]}}